{"id":222,"date":"2018-05-28T20:17:31","date_gmt":"2018-05-28T19:17:31","guid":{"rendered":"http:\/\/active-bit.com\/?page_id=222"},"modified":"2018-05-28T20:26:44","modified_gmt":"2018-05-28T19:26:44","slug":"privacy","status":"publish","type":"page","link":"https:\/\/active-bit.com\/?page_id=222","title":{"rendered":"Data Privacy Policy Statement"},"content":{"rendered":"<p>&nbsp;<\/p>\n<p>Datenschutzerkl\u00e4rung nach den Vorgaben der DSGVO<br \/>\nDer Verantwortliche im Sinne der Datenschutz-Grundverordnung und anderer<br \/>\nnationaler Datenschutzgesetze der Mitgliedsstaaten sowie sonstiger<br \/>\ndatenschutzrechtlicher Bestimmungen ist die:<br \/>\nactive BIT GmbH<br \/>\nMarie-Juchacz-Str. 10<br \/>\n50259 Pulheim<br \/>\nDeutschland<br \/>\nTel.: 0228559450<br \/>\nE-Mail: info@active-bit.net<br \/>\nWebsite: www.active-bit.de<br \/>\n\u2022 <strong>Name und Anschrift des Datenschutzbeauftragten<\/strong><br \/>\nDer Datenschutzbeauftragte des Verantwortlichen ist:<br \/>\nDr. Walter Speth<br \/>\nE-Mail: info@active-bit.net<br \/>\n\u2022 <strong>Allgemeines zur Datenverarbeitung<\/strong><br \/>\n\u2022 <strong>Umfang der Verarbeitung personenbezogener Daten<\/strong><br \/>\nWir verarbeiten personenbezogene Daten unserer Nutzer grunds\u00e4tzlich nur, soweit dies<br \/>\nzur Bereitstellung einer funktionsf\u00e4higen Website sowie unserer Inhalte und Leistungen<br \/>\nerforderlich ist. Die Verarbeitung personenbezogener Daten unserer Nutzer erfolgt<br \/>\nregelm\u00e4\u00dfig nur nach Einwilligung des Nutzers. Eine Ausnahme gilt in solchen F\u00e4llen, in<br \/>\ndenen eine vorherige Einholung einer Einwilligung aus tats\u00e4chlichen Gr\u00fcnden nicht<br \/>\nm\u00f6glich ist und die Verarbeitung der Daten durch gesetzliche Vorschriften gestattet ist.<br \/>\n\u2022 <strong>Rechtsgrundlage f\u00fcr die Verarbeitung personenbezogener Daten<\/strong><br \/>\nSoweit wir f\u00fcr Verarbeitungsvorg\u00e4nge personenbezogener Daten eine Einwilligung der<br \/>\nbetroffenen Person einholen, dient Art. 6 Abs. 1 lit. a EU-Datenschutzgrundverordnung<br \/>\n(DSGVO) als Rechtsgrundlage.<br \/>\nBei der Verarbeitung von personenbezogenen Daten, die zur Erf\u00fcllung eines Vertrages,<br \/>\ndessen Vertragspartei die betroffene Person ist, erforderlich ist, dient Art. 6 Abs. 1 lit. b<br \/>\nDSGVO als Rechtsgrundlage. Dies gilt auch f\u00fcr Verarbeitungsvorg\u00e4nge, die zur<br \/>\nDurchf\u00fchrung vorvertraglicher Ma\u00dfnahmen erforderlich sind.<\/p>\n[spacer height=&#8221;20px&#8221;]\n<p>Soweit eine Verarbeitung personenbezogener Daten zur Erf\u00fcllung einer rechtlichen<br \/>\nVerpflichtung erforderlich ist, der unser Unternehmen unterliegt, dient Art. 6 Abs. 1 lit. c<br \/>\nDSGVO als Rechtsgrundlage.<br \/>\nF\u00fcr den Fall, dass lebenswichtige Interessen der betroffenen Person oder einer anderen<br \/>\nnat\u00fcrlichen Person eine Verarbeitung personenbezogener Daten erforderlich machen,<br \/>\ndient Art. 6 Abs. 1 lit. d DSGVO als Rechtsgrundlage.<br \/>\nIst die Verarbeitung zur Wahrung eines berechtigten Interesses unseres Unternehmens<br \/>\noder eines Dritten erforderlich und \u00fcberwiegen die Interessen, Grundrechte und<br \/>\nGrundfreiheiten des Betroffenen das erstgenannte Interesse nicht, so dient Art. 6 Abs. 1<br \/>\nlit. f DSGVO als Rechtsgrundlage f\u00fcr die Verarbeitung.<br \/>\n\u2022 <strong>Datenl\u00f6schung und Speicherdauer<\/strong><br \/>\nDie personenbezogenen Daten der betroffenen Person werden gel\u00f6scht oder gesperrt,<br \/>\nsobald der Zweck der Speicherung entf\u00e4llt. Eine Speicherung kann dar\u00fcber hinaus<br \/>\nerfolgen, wenn dies durch den europ\u00e4ischen oder nationalen Gesetzgeber in<br \/>\nunionsrechtlichen Verordnungen, Gesetzen oder sonstigen Vorschriften, denen der<br \/>\nVerantwortliche unterliegt, vorgesehen wurde. Eine Sperrung oder L\u00f6schung der Daten<br \/>\nerfolgt auch dann, wenn eine durch die genannten Normen vorgeschriebene<br \/>\nSpeicherfrist abl\u00e4uft, es sei denn, dass eine Erforderlichkeit zur weiteren Speicherung<br \/>\nder Daten f\u00fcr einen Vertragsabschluss oder eine Vertragserf\u00fcllung besteht.<br \/>\n<strong>\u2022 Bereitstellung der Website und Erstellung von Logfiles<\/strong><br \/>\n<strong> \u2022 Beschreibung und Umfang der Datenverarbeitung<\/strong><br \/>\nBei keinem Aufruf unserer Internetseite erfasst unser System automatisiert Daten<br \/>\nund Informationen vom Computersystem des aufrufenden Rechners.<br \/>\nDaten werden in den Logfiles unseres Systems gespeichert. Nicht hiervon betroffen<br \/>\nsind die IP-Adressen des Nutzers oder andere Daten, die die Zuordnung der Daten zu<br \/>\neinem Nutzer erm\u00f6glichen. Eine Speicherung dieser Daten zusammen mit anderen<br \/>\npersonenbezogenen Daten des Nutzers findet nicht statt.<br \/>\n\u2022 <strong>Rechtsgrundlage f\u00fcr die Datenverarbeitung<\/strong><br \/>\nRechtsgrundlage f\u00fcr die vor\u00fcbergehende Speicherung der Daten ist Art. 6 Abs. 1 lit. f DSGVO.<br \/>\n<strong>\u2022 Zweck der Datenverarbeitung<\/strong><br \/>\nDatenverarbeitung nach Art. 6 Abs. 1 lit. f DSGVO.<br \/>\n<strong>\u2022 Dauer der Speicherung<\/strong><\/p>\n<p>Die Daten werden gel\u00f6scht, sobald sie f\u00fcr die Erreichung des Zweckes ihrer Erhebung<br \/>\nnicht mehr erforderlich sind. Im Falle der Erfassung der Daten zur Bereitstellung der<br \/>\nWebsite ist dies der Fall, wenn die jeweilige Sitzung beendet ist.<br \/>\n<strong>\u2022 Widerspruchs- und Beseitigungsm\u00f6glichkeit<\/strong><br \/>\nDie Erfassung der Daten zur Bereitstellung der Website und die Speicherung der Daten<br \/>\nin Logfiles ist f\u00fcr den Betrieb der Internetseite zwingend erforderlich. Es besteht folglich<br \/>\nseitens des Nutzers keine Widerspruchsm\u00f6glichkeit.<br \/>\n<strong>\u2022 Verwendung von Cookies<\/strong><br \/>\na) Beschreibung und Umfang der Datenverarbeitung<br \/>\nBei Cookies handelt es sich um Textdateien, die im Internetbrowser bzw. vom<br \/>\nInternetbrowser auf dem Computersystem des Nutzers gespeichert werden. Ruft ein<br \/>\nNutzer eine Website auf, so kann ein Cookie auf dem Betriebssystem des Nutzers<br \/>\ngespeichert werden. Dieser Cookie enth\u00e4lt eine charakteristische Zeichenfolge, die eine<br \/>\neindeutige Identifizierung des Browsers beim erneuten Aufrufen der Website<br \/>\nerm\u00f6glicht.<br \/>\nUnsere Webseite verwendet kiene Cookies.<br \/>\n<strong>\u2022 Newsletter<\/strong><br \/>\n<strong> \u2022 Beschreibung und Umfang der Datenverarbeitung<\/strong><br \/>\nusere Webseite versendet keine Newsletter<br \/>\n<strong>\u2022 Registrierung<\/strong><br \/>\n<strong> \u2022 Beschreibung und Umfang der Datenverarbeitung<\/strong><br \/>\nAuf unserer Internetseite bieten wir Nutzern nicht die M\u00f6glichkeit, sich unter<br \/>\nAngabe personenbezogener Daten zu registrieren.<br \/>\n<strong>\u2022 Kontaktformular und E-Mail-Kontakt<\/strong><br \/>\n<strong> \u2022 Beschreibung und Umfang der Datenverarbeitung<\/strong><br \/>\nAuf unserer Internetseite ist ein Kontaktformular vorhanden, welches f\u00fcr die<br \/>\nelektronische Kontaktaufnahme genutzt werden kann. Nimmt ein Nutzer diese<br \/>\nM\u00f6glichkeit wahr, so werden die in der Eingabemaske eingegeben Daten an uns<br \/>\n\u00fcbermittelt und gespeichert. Diese Daten sind:<br \/>\n\u2022 Firma<\/p>\n<p>\u2022 Anprechpartner<br \/>\n\u2022 Adresse<br \/>\n\u2022 Telefon<br \/>\n\u2022 Fax<br \/>\n\u2022 eMail<br \/>\n\u2022 Betreff<br \/>\nF\u00fcr die Verarbeitung der Daten wird ein eMail-Programm auf dem Anwender-PC<br \/>\nge\u00f6ffnet. Die \u00dcbermittlung der Daten erfolgt daher nicht durch unsere Internetseite.<br \/>\nEs werden die mit der E-Mail \u00fcbermittelten personenbezogenen Daten des Nutzers<br \/>\ndurch den Mail-Server gespeichert.<br \/>\nEs erfolgt in diesem Zusammenhang keine Weitergabe der Daten an Dritte. Die Daten<br \/>\nwerden ausschlie\u00dflich f\u00fcr die Verarbeitung der Konversation verwendet.<br \/>\n<strong>\u2022 Rechtsgrundlage f\u00fcr die Datenverarbeitung<\/strong><br \/>\nRechtsgrundlage f\u00fcr die Verarbeitung der Daten ist bei Vorliegen einer Einwilligung des<br \/>\nNutzers Art. 6 Abs. 1 lit. a DSGVO.<\/p>\n<p>Rechtsgrundlage f\u00fcr die Verarbeitung der Daten, die im Zuge einer \u00dcbersendung einer<br \/>\nE-Mail \u00fcbermittelt werden, ist Art. 6 Abs. 1 lit. f DSGVO. Zielt der E-Mail-Kontakt auf den<br \/>\nAbschluss eines Vertrages ab, so ist zus\u00e4tzliche Rechtsgrundlage f\u00fcr die Verarbeitung<br \/>\nArt. 6 Abs. 1 lit. b DSGVO.<br \/>\n<strong>\u2022 Zweck der Datenverarbeitung<\/strong><br \/>\nDie Verarbeitung der personenbezogenen Daten aus der Eingabemaske dient uns allein<br \/>\nzur Bearbeitung der Kontaktaufnahme. Im Falle einer Kontaktaufnahme per E-Mail liegt<br \/>\nhieran auch das erforderliche berechtigte Interesse an der Verarbeitung der Daten.<br \/>\nDie sonstigen w\u00e4hrend des Absendevorgangs verarbeiteten personenbezogenen Daten<br \/>\ndienen dazu, einen Missbrauch des Kontaktformulars zu verhindern und die Sicherheit<br \/>\nunserer informationstechnischen Systeme sicherzustellen.<br \/>\n<strong>\u2022 Dauer der Speicherung<\/strong><br \/>\nDie Daten werden gel\u00f6scht, sobald sie f\u00fcr die Erreichung des Zweckes ihrer Erhebung<br \/>\nnicht mehr erforderlich sind. F\u00fcr die personenbezogenen Daten aus der Eingabemaske<br \/>\ndes Kontaktformulars und diejenigen, die per E-Mail \u00fcbersandt wurden, ist dies dann<br \/>\nder Fall, wenn die jeweilige Konversation mit dem Nutzer beendet ist. Beendet ist die<\/p>\n<p>Konversation dann, wenn sich aus den Umst\u00e4nden entnehmen l\u00e4sst, dass der betroffene<br \/>\nSachverhalt abschlie\u00dfend gekl\u00e4rt ist.<br \/>\nDie w\u00e4hrend des Absendevorgangs zus\u00e4tzlich erhobenen personenbezogenen Daten<br \/>\nwerden sp\u00e4testens nach einer Frist von 30 Tagen gel\u00f6scht.<br \/>\n<strong>\u2022 Widerspruchs- und Beseitigungsm\u00f6glichkeit<\/strong><br \/>\nDer Nutzer hat jederzeit die M\u00f6glichkeit, seine Einwilligung zur Verarbeitung der<br \/>\npersonenbezogenen Daten zu widerrufen. Nimmt der Nutzer per E-Mail Kontakt mit uns<br \/>\nauf, so kann er der Speicherung seiner personenbezogenen Daten jederzeit<br \/>\nwidersprechen. In einem solchen Fall kann die Konversation nicht fortgef\u00fchrt werden.<br \/>\nAlle personenbezogenen Daten, die im Zuge der Kontaktaufnahme gespeichert wurden,<br \/>\nwerden in diesem Fall gel\u00f6scht.<br \/>\n<strong>\u2022 Rechte der betroffenen Person<\/strong><br \/>\nWerden personenbezogene Daten von Ihnen verarbeitet, sind Sie Betroffener i.S.d.<br \/>\nDSGVO und es stehen Ihnen folgende Rechte gegen\u00fcber dem Verantwortlichen zu:<br \/>\n<strong>\u2022 Auskunftsrecht<\/strong><br \/>\nSie k\u00f6nnen von dem Verantwortlichen eine Best\u00e4tigung dar\u00fcber verlangen, ob<br \/>\npersonenbezogene Daten, die Sie betreffen, von uns verarbeitet werden.<br \/>\nLiegt eine solche Verarbeitung vor, k\u00f6nnen Sie von dem Verantwortlichen \u00fcber folgende<br \/>\nInformationen Auskunft verlangen:<br \/>\n(1) die Zwecke, zu denen die personenbezogenen Daten verarbeitet werden;<br \/>\n(2) die Kategorien von personenbezogenen Daten, welche verarbeitet werden;<br \/>\n(3) die Empf\u00e4nger bzw. die Kategorien von Empf\u00e4ngern, gegen\u00fcber denen die Sie<br \/>\nbetreffenden personenbezogenen Daten offengelegt wurden oder noch<br \/>\noffengelegt werden;<br \/>\n(4) die geplante Dauer der Speicherung der Sie betreffenden personenbezogenen<br \/>\nDaten oder, falls konkrete Angaben hierzu nicht m\u00f6glich sind, Kriterien f\u00fcr die<br \/>\nFestlegung der Speicherdauer;<br \/>\n(5) das Bestehen eines Rechts auf Berichtigung oder L\u00f6schung der Sie betreffenden<br \/>\npersonenbezogenen Daten, eines Rechts auf Einschr\u00e4nkung der Verarbeitung<br \/>\ndurch den Verantwortlichen oder eines Widerspruchsrechts gegen diese<br \/>\nVerarbeitung;<br \/>\n(6) das Bestehen eines Beschwerderechts bei einer Aufsichtsbeh\u00f6rde;<\/p>\n<p>(7) alle verf\u00fcgbaren Informationen \u00fcber die Herkunft der Daten, wenn die<br \/>\npersonenbezogenen Daten nicht bei der betroffenen Person erhoben werden;<br \/>\n(8) das Bestehen einer automatisierten Entscheidungsfindung einschlie\u00dflich Profiling<br \/>\ngem\u00e4\u00df Art. 22 Abs. 1 und 4 DSGVO und \u2013 zumindest in diesen F\u00e4llen \u2013<br \/>\naussagekr\u00e4ftige Informationen \u00fcber die involvierte Logik sowie die Tragweite<br \/>\nund die angestrebten Auswirkungen einer derartigen Verarbeitung f\u00fcr die<br \/>\nbetroffene Person.<br \/>\nIhnen steht das Recht zu, Auskunft dar\u00fcber zu verlangen, ob die Sie betreffenden<br \/>\npersonenbezogenen Daten in ein Drittland oder an eine internationale Organisation<br \/>\n\u00fcbermittelt werden. In diesem Zusammenhang k\u00f6nnen Sie verlangen, \u00fcber die<br \/>\ngeeigneten Garantien gem. Art. 46 DSGVO im Zusammenhang mit der \u00dcbermittlung<br \/>\nunterrichtet zu werden.<br \/>\n<strong>\u2022 Recht auf Berichtigung<\/strong><br \/>\nSie haben ein Recht auf Berichtigung und\/oder Vervollst\u00e4ndigung gegen\u00fcber dem<br \/>\nVerantwortlichen, sofern die verarbeiteten personenbezogenen Daten, die Sie<br \/>\nbetreffen, unrichtig oder unvollst\u00e4ndig sind. Der Verantwortliche hat die Berichtigung<br \/>\nunverz\u00fcglich vorzunehmen.<br \/>\n<strong>\u2022 Recht auf Einschr\u00e4nkung der Verarbeitung<\/strong><br \/>\nUnter den folgenden Voraussetzungen k\u00f6nnen Sie die Einschr\u00e4nkung der Verarbeitung<br \/>\nder Sie betreffenden personenbezogenen Daten verlangen:<br \/>\n(1) wenn Sie die Richtigkeit der Sie betreffenden personenbezogenen f\u00fcr eine Dauer<br \/>\nbestreiten, die es dem Verantwortlichen erm\u00f6glicht, die Richtigkeit der<br \/>\npersonenbezogenen Daten zu \u00fcberpr\u00fcfen;<br \/>\n(2) die Verarbeitung unrechtm\u00e4\u00dfig ist und Sie die L\u00f6schung der personenbezogenen<br \/>\nDaten ablehnen und stattdessen die Einschr\u00e4nkung der Nutzung der<br \/>\npersonenbezogenen Daten verlangen;<br \/>\n(3) der Verantwortliche die personenbezogenen Daten f\u00fcr die Zwecke der<br \/>\nVerarbeitung nicht l\u00e4nger ben\u00f6tigt, Sie diese jedoch zur Geltendmachung,<br \/>\nAus\u00fcbung oder Verteidigung von Rechtsanspr\u00fcchen ben\u00f6tigen, oder<br \/>\n(4) wenn Sie Widerspruch gegen die Verarbeitung gem\u00e4\u00df Art. 21 Abs. 1 DSGVO<br \/>\neingelegt haben und noch nicht feststeht, ob die berechtigten Gr\u00fcnde des<br \/>\nVerantwortlichen gegen\u00fcber Ihren Gr\u00fcnden \u00fcberwiegen.<br \/>\nWurde die Verarbeitung der Sie betreffenden personenbezogenen Daten eingeschr\u00e4nkt,<br \/>\nd\u00fcrfen diese Daten \u2013 von ihrer Speicherung abgesehen \u2013 nur mit Ihrer Einwilligung oder<\/p>\n<p>zur Geltendmachung, Aus\u00fcbung oder Verteidigung von Rechtsanspr\u00fcchen oder zum<br \/>\nSchutz der Rechte einer anderen nat\u00fcrlichen oder juristischen Person oder aus Gr\u00fcnden<br \/>\neines wichtigen \u00f6ffentlichen Interesses der Union oder eines Mitgliedstaats verarbeitet<br \/>\nwerden.<br \/>\nWurde die Einschr\u00e4nkung der Verarbeitung nach den o.g. Voraussetzungen<br \/>\neingeschr\u00e4nkt, werden Sie von dem Verantwortlichen unterrichtet bevor die<br \/>\nEinschr\u00e4nkung aufgehoben wird.<br \/>\n<strong>\u2022 Recht auf L\u00f6schung<\/strong><br \/>\n<strong> \u2022 L\u00f6schungspflicht<\/strong><br \/>\nSie k\u00f6nnen von dem Verantwortlichen verlangen, dass die Sie betreffenden<br \/>\npersonenbezogenen Daten unverz\u00fcglich gel\u00f6scht werden, und der Verantwortliche ist<br \/>\nverpflichtet, diese Daten unverz\u00fcglich zu l\u00f6schen, sofern einer der folgenden Gr\u00fcnde<br \/>\nzutrifft:<br \/>\n(1) Die Sie betreffenden personenbezogenen Daten sind f\u00fcr die Zwecke, f\u00fcr die sie<br \/>\nerhoben oder auf sonstige Weise verarbeitet wurden, nicht mehr notwendig.<br \/>\n(2) Sie widerrufen Ihre Einwilligung, auf die sich die Verarbeitung gem. Art. 6 Abs. 1<br \/>\nlit. a oder Art. 9 Abs. 2 lit. a DSGVO st\u00fctzte, und es fehlt an einer anderweitigen<br \/>\nRechtsgrundlage f\u00fcr die Verarbeitung.<br \/>\n(3) Sie legen gem. Art. 21 Abs. 1 DSGVO Widerspruch gegen die Verarbeitung ein<br \/>\nund es liegen keine vorrangigen berechtigten Gr\u00fcnde f\u00fcr die Verarbeitung vor,<br \/>\noder Sie legen gem. Art. 21 Abs. 2 DSGVO Widerspruch gegen die Verarbeitung<br \/>\nein.<br \/>\n(4) Die Sie betreffenden personenbezogenen Daten wurden unrechtm\u00e4\u00dfig<br \/>\nverarbeitet.<br \/>\n(5) Die L\u00f6schung der Sie betreffenden personenbezogenen Daten ist zur Erf\u00fcllung<br \/>\neiner rechtlichen Verpflichtung nach dem Unionsrecht oder dem Recht der<br \/>\nMitgliedstaaten erforderlich, dem der Verantwortliche unterliegt.<br \/>\n(6) Die Sie betreffenden personenbezogenen Daten wurden in Bezug auf<br \/>\nangebotene Dienste der Informationsgesellschaft gem\u00e4\u00df Art. 8 Abs. 1 DSGVO<br \/>\nerhoben.<br \/>\n<strong>\u2022 Information an Dritte<\/strong><br \/>\nHat der Verantwortliche die Sie betreffenden personenbezogenen Daten \u00f6ffentlich<br \/>\ngemacht und ist er gem. Art. 17 Abs. 1 DSGVO zu deren L\u00f6schung verpflichtet, so trifft er<br \/>\nunter Ber\u00fccksichtigung der verf\u00fcgbaren Technologie und der Implementierungskosten<\/p>\n<p>angemessene Ma\u00dfnahmen, auch technischer Art, um f\u00fcr die Datenverarbeitung<br \/>\nVerantwortliche, die die personenbezogenen Daten verarbeiten, dar\u00fcber zu<br \/>\ninformieren, dass Sie als betroffene Person von ihnen die L\u00f6schung aller Links zu diesen<br \/>\npersonenbezogenen Daten oder von Kopien oder Replikationen dieser<br \/>\npersonenbezogenen Daten verlangt haben.<br \/>\n<strong>\u2022 Ausnahmen<\/strong><br \/>\nDas Recht auf L\u00f6schung besteht nicht, soweit die Verarbeitung erforderlich ist<br \/>\n(1) zur Aus\u00fcbung des Rechts auf freie Meinungs\u00e4u\u00dferung und Information;<br \/>\n(2) zur Erf\u00fcllung einer rechtlichen Verpflichtung, die die Verarbeitung nach dem<br \/>\nRecht der Union oder der Mitgliedstaaten, dem der Verantwortliche unterliegt,<br \/>\nerfordert, oder zur Wahrnehmung einer Aufgabe, die im \u00f6ffentlichen Interesse<br \/>\nliegt oder in Aus\u00fcbung \u00f6ffentlicher Gewalt erfolgt, die dem Verantwortlichen<br \/>\n\u00fcbertragen wurde;<br \/>\n(3) aus Gr\u00fcnden des \u00f6ffentlichen Interesses im Bereich der \u00f6ffentlichen Gesundheit<br \/>\ngem\u00e4\u00df Art. 9 Abs. 2 lit. h und i sowie Art. 9 Abs. 3 DSGVO;<br \/>\n(4) f\u00fcr im \u00f6ffentlichen Interesse liegende Archivzwecke, wissenschaftliche oder<br \/>\nhistorische Forschungszwecke oder f\u00fcr statistische Zwecke gem. Art. 89 Abs. 1<br \/>\nDSGVO, soweit das unter Abschnitt a) genannte Recht voraussichtlich die<br \/>\nVerwirklichung der Ziele dieser Verarbeitung unm\u00f6glich macht oder ernsthaft<br \/>\nbeeintr\u00e4chtigt, oder<br \/>\n(5) zur Geltendmachung, Aus\u00fcbung oder Verteidigung von Rechtsanspr\u00fcchen.<br \/>\n<strong>\u2022 Recht auf Unterrichtung<\/strong><br \/>\nHaben Sie das Recht auf Berichtigung, L\u00f6schung oder Einschr\u00e4nkung der Verarbeitung<br \/>\ngegen\u00fcber dem Verantwortlichen geltend gemacht, ist dieser verpflichtet, allen<br \/>\nEmpf\u00e4ngern, denen die Sie betreffenden personenbezogenen Daten offengelegt<br \/>\nwurden, diese Berichtigung oder L\u00f6schung der Daten oder Einschr\u00e4nkung der<br \/>\nVerarbeitung mitzuteilen, es sei denn, dies erweist sich als unm\u00f6glich oder ist mit einem<br \/>\nunverh\u00e4ltnism\u00e4\u00dfigen Aufwand verbunden.<br \/>\nIhnen steht gegen\u00fcber dem Verantwortlichen das Recht zu, \u00fcber diese Empf\u00e4nger<br \/>\nunterrichtet zu werden.<br \/>\n<strong>\u2022 Recht auf Daten\u00fcbertragbarkeit<\/strong><br \/>\nSie haben das Recht, die Sie betreffenden personenbezogenen Daten, die Sie dem<br \/>\nVerantwortlichen bereitgestellt haben, in einem strukturierten, g\u00e4ngigen und<br \/>\nmaschinenlesbaren Format zu erhalten. Au\u00dferdem haben Sie das Recht diese Daten<\/p>\n<p>einem anderen Verantwortlichen ohne Behinderung durch den Verantwortlichen, dem<br \/>\ndie personenbezogenen Daten bereitgestellt wurden, zu \u00fcbermitteln, sofern<br \/>\n(1) die Verarbeitung auf einer Einwilligung gem. Art. 6 Abs. 1 lit. a DSGVO oder Art. 9<br \/>\nAbs. 2 lit. a DSGVO oder auf einem Vertrag gem. Art. 6 Abs. 1 lit. b DSGVO beruht<br \/>\nund<br \/>\n(2) die Verarbeitung mithilfe automatisierter Verfahren erfolgt.<br \/>\nIn Aus\u00fcbung dieses Rechts haben Sie ferner das Recht, zu erwirken, dass die Sie<br \/>\nbetreffenden personenbezogenen Daten direkt von einem Verantwortlichen einem<br \/>\nanderen Verantwortlichen \u00fcbermittelt werden, soweit dies technisch machbar ist.<br \/>\nFreiheiten und Rechte anderer Personen d\u00fcrfen hierdurch nicht beeintr\u00e4chtigt werden.<br \/>\nDas Recht auf Daten\u00fcbertragbarkeit gilt nicht f\u00fcr eine Verarbeitung personenbezogener<br \/>\nDaten, die f\u00fcr die Wahrnehmung einer Aufgabe erforderlich ist, die im \u00f6ffentlichen<br \/>\nInteresse liegt oder in Aus\u00fcbung \u00f6ffentlicher Gewalt erfolgt, die dem Verantwortlichen<br \/>\n\u00fcbertragen wurde.<br \/>\n<strong>\u2022 Widerspruchsrecht<\/strong><br \/>\nSie haben das Recht, aus Gr\u00fcnden, die sich aus ihrer besonderen Situation ergeben,<br \/>\njederzeit gegen die Verarbeitung der Sie betreffenden personenbezogenen Daten, die<br \/>\naufgrund von Art. 6 Abs. 1 lit. e oder f DSGVO erfolgt, Widerspruch einzulegen; dies gilt<br \/>\nauch f\u00fcr ein auf diese Bestimmungen gest\u00fctztes Profiling.<br \/>\nDer Verantwortliche verarbeitet die Sie betreffenden personenbezogenen Daten nicht<br \/>\nmehr, es sei denn, er kann zwingende schutzw\u00fcrdige Gr\u00fcnde f\u00fcr die Verarbeitung<br \/>\nnachweisen, die Ihre Interessen, Rechte und Freiheiten \u00fcberwiegen, oder die<br \/>\nVerarbeitung dient der Geltendmachung, Aus\u00fcbung oder Verteidigung von<br \/>\nRechtsanspr\u00fcchen.<br \/>\nWerden die Sie betreffenden personenbezogenen Daten verarbeitet, um Direktwerbung<br \/>\nzu betreiben, haben Sie das Recht, jederzeit Widerspruch gegen die Verarbeitung der Sie<br \/>\nbetreffenden personenbezogenen Daten zum Zwecke derartiger Werbung einzulegen;<br \/>\ndies gilt auch f\u00fcr das Profiling, soweit es mit solcher Direktwerbung in Verbindung steht.<br \/>\nWidersprechen Sie der Verarbeitung f\u00fcr Zwecke der Direktwerbung, so werden die Sie<br \/>\nbetreffenden personenbezogenen Daten nicht mehr f\u00fcr diese Zwecke verarbeitet.<br \/>\nSie haben die M\u00f6glichkeit, im Zusammenhang mit der Nutzung von Diensten der<br \/>\nInformationsgesellschaft \u2013 ungeachtet der Richtlinie 2002\/58\/EG \u2013 Ihr<br \/>\nWiderspruchsrecht mittels automatisierter Verfahren auszu\u00fcben, bei denen technische<br \/>\nSpezifikationen verwendet werden.<br \/>\n<strong>\u2022 Recht auf Widerruf der datenschutzrechtlichen Einwilligungserkl\u00e4rung<\/strong><\/p>\n<p>Sie haben das Recht, Ihre datenschutzrechtliche Einwilligungserkl\u00e4rung jederzeit zu<br \/>\nwiderrufen. Durch den Widerruf der Einwilligung wird die Rechtm\u00e4\u00dfigkeit der aufgrund<br \/>\nder Einwilligung bis zum Widerruf erfolgten Verarbeitung nicht ber\u00fchrt.<br \/>\n<strong>\u2022 Automatisierte Entscheidung im Einzelfall einschlie\u00dflich Profiling<\/strong><br \/>\nSie haben das Recht, nicht einer ausschlie\u00dflich auf einer automatisierten Verarbeitung \u2013<br \/>\neinschlie\u00dflich Profiling \u2013 beruhenden Entscheidung unterworfen zu werden, die Ihnen<br \/>\ngegen\u00fcber rechtliche Wirkung entfaltet oder Sie in \u00e4hnlicher Weise erheblich<br \/>\nbeeintr\u00e4chtigt. Dies gilt nicht, wenn die Entscheidung<br \/>\n(1) f\u00fcr den Abschluss oder die Erf\u00fcllung eines Vertrags zwischen Ihnen und dem<br \/>\nVerantwortlichen erforderlich ist,<br \/>\n(2) aufgrund von Rechtsvorschriften der Union oder der Mitgliedstaaten, denen der<br \/>\nVerantwortliche unterliegt, zul\u00e4ssig ist und diese Rechtsvorschriften<br \/>\nangemessene Ma\u00dfnahmen zur Wahrung Ihrer Rechte und Freiheiten sowie Ihrer<br \/>\nberechtigten Interessen enthalten oder<br \/>\n(3) mit Ihrer ausdr\u00fccklichen Einwilligung erfolgt.<br \/>\nAllerdings d\u00fcrfen diese Entscheidungen nicht auf besonderen Kategorien<br \/>\npersonenbezogener Daten nach Art. 9 Abs. 1 DSGVO beruhen, sofern nicht Art. 9 Abs. 2<br \/>\nlit. a oder g DSGVO gilt und angemessene Ma\u00dfnahmen zum Schutz der Rechte und<br \/>\nFreiheiten sowie Ihrer berechtigten Interessen getroffen wurden.<br \/>\nHinsichtlich der in (1) und (3) genannten F\u00e4lle trifft der Verantwortliche angemessene<br \/>\nMa\u00dfnahmen, um die Rechte und Freiheiten sowie Ihre berechtigten Interessen zu<br \/>\nwahren, wozu mindestens das Recht auf Erwirkung des Eingreifens einer Person seitens<br \/>\ndes Verantwortlichen, auf Darlegung des eigenen Standpunkts und auf Anfechtung der<br \/>\nEntscheidung geh\u00f6rt.<br \/>\n<strong>\u2022 Recht auf Beschwerde bei einer Aufsichtsbeh\u00f6rde<\/strong><br \/>\nUnbeschadet eines anderweitigen verwaltungsrechtlichen oder gerichtlichen<br \/>\nRechtsbehelfs steht Ihnen das Recht auf Beschwerde bei einer Aufsichtsbeh\u00f6rde,<br \/>\ninsbesondere in dem Mitgliedstaat ihres Aufenthaltsorts, ihres Arbeitsplatzes oder des<br \/>\nOrts des mutma\u00dflichen Versto\u00dfes, zu, wenn Sie der Ansicht sind, dass die Verarbeitung<br \/>\nder Sie betreffenden personenbezogenen Daten gegen die DSGVO verst\u00f6\u00dft.<br \/>\nDie Aufsichtsbeh\u00f6rde, bei der die Beschwerde eingereicht wurde, unterrichtet den<br \/>\nBeschwerdef\u00fchrer \u00fcber den Stand und die Ergebnisse der Beschwerde einschlie\u00dflich der<br \/>\nM\u00f6glichkeit eines gerichtlichen Rechtsbehelfs nach Art. 78 DSGVO.<\/p>\n","protected":false},"excerpt":{"rendered":"<p>&nbsp; Datenschutzerkl\u00e4rung nach den Vorgaben der DSGVO Der Verantwortliche im Sinne der Datenschutz-Grundverordnung und anderer nationaler Datenschutzgesetze der Mitgliedsstaaten sowie sonstiger datenschutzrechtlicher Bestimmungen ist die: active BIT GmbH Marie-Juchacz-Str. 10 50259 Pulheim Deutschland Tel.: 0228559450 E-Mail: info@active-bit.net Website: www.active-bit.de \u2022 Name und Anschrift des Datenschutzbeauftragten Der Datenschutzbeauftragte des Verantwortlichen ist: Dr. Walter Speth E-Mail: info@active-bit.net&#8230;<\/p>\n","protected":false},"author":1,"featured_media":0,"parent":0,"menu_order":0,"comment_status":"closed","ping_status":"closed","template":"","meta":{"footnotes":""},"class_list":["post-222","page","type-page","status-publish","hentry"],"_links":{"self":[{"href":"https:\/\/active-bit.com\/index.php?rest_route=\/wp\/v2\/pages\/222","targetHints":{"allow":["GET"]}}],"collection":[{"href":"https:\/\/active-bit.com\/index.php?rest_route=\/wp\/v2\/pages"}],"about":[{"href":"https:\/\/active-bit.com\/index.php?rest_route=\/wp\/v2\/types\/page"}],"author":[{"embeddable":true,"href":"https:\/\/active-bit.com\/index.php?rest_route=\/wp\/v2\/users\/1"}],"replies":[{"embeddable":true,"href":"https:\/\/active-bit.com\/index.php?rest_route=%2Fwp%2Fv2%2Fcomments&post=222"}],"version-history":[{"count":5,"href":"https:\/\/active-bit.com\/index.php?rest_route=\/wp\/v2\/pages\/222\/revisions"}],"predecessor-version":[{"id":228,"href":"https:\/\/active-bit.com\/index.php?rest_route=\/wp\/v2\/pages\/222\/revisions\/228"}],"wp:attachment":[{"href":"https:\/\/active-bit.com\/index.php?rest_route=%2Fwp%2Fv2%2Fmedia&parent=222"}],"curies":[{"name":"wp","href":"https:\/\/api.w.org\/{rel}","templated":true}]}}